{"id":3467,"date":"2020-08-26T05:56:33","date_gmt":"2020-08-26T05:56:33","guid":{"rendered":"https:\/\/royalite.com.tr\/ekibimiz\/"},"modified":"2024-05-10T13:37:20","modified_gmt":"2024-05-10T10:37:20","slug":"our-team","status":"publish","type":"page","link":"https:\/\/royalite.com.tr\/en\/our-team\/","title":{"rendered":"Our Team"},"content":{"rendered":"\t\t<div data-elementor-type=\"wp-page\" data-elementor-id=\"3467\" class=\"elementor elementor-3467 elementor-76\">\n\t\t\t\t\t\t<section class=\"elementor-section elementor-top-section elementor-element elementor-element-c4c2da5 elementor-section-full_width elementor-section-height-default elementor-section-height-default\" data-id=\"c4c2da5\" data-element_type=\"section\">\n\t\t\t\t\t\t<div class=\"elementor-container elementor-column-gap-no\">\n\t\t\t\t\t<div class=\"elementor-column elementor-col-100 elementor-top-column elementor-element elementor-element-05ff368\" data-id=\"05ff368\" data-element_type=\"column\">\n\t\t\t<div class=\"elementor-widget-wrap elementor-element-populated\">\n\t\t\t\t\t\t<div class=\"elementor-element elementor-element-dc5e334 elementor-widget elementor-widget-member_slider bdevs-el member_slider\" data-id=\"dc5e334\" data-element_type=\"widget\" data-settings=\"{&quot;design_style&quot;:&quot;style_2&quot;,&quot;vertical&quot;:&quot;yes&quot;,&quot;animation_speed&quot;:300,&quot;autoplay&quot;:&quot;yes&quot;,&quot;autoplay_speed&quot;:3000,&quot;loop&quot;:&quot;yes&quot;,&quot;navigation&quot;:&quot;arrow&quot;}\" data-widget_type=\"member_slider.default\">\n\t\t\t\t<div class=\"elementor-widget-container\">\n\t\t\t\t\t\r\n                    <section class=\"team1\">\r\n                <div class=\"container\">\r\n                    <div class=\"row\">\r\n                                                    <div class=\"col-xl-4 col-lg-4 col-md-6\">\r\n                                <div class=\"team1__item mb-50\">\r\n                                                                            <div class=\"team1__thumb\">\r\n                                            <a href=\"#\"><img decoding=\"async\" src=\"https:\/\/royalite.com.tr\/wp-content\/uploads\/2022\/08\/msbulut.jpg\" alt=\"img\"><\/a>\r\n                                        <\/div>\r\n                                                                        <!-- socials -->\r\n                                                                            <div class=\"team1__social text-center team__social\">\r\n                                            \r\n                                            \r\n                                            \r\n                                            \r\n                                            \r\n                                            \r\n                                            \r\n                                            \r\n                                            \r\n                                            \r\n                                            \r\n                                            \r\n                                            \r\n                                            \r\n                                                                                    <\/div>\r\n                                                                        <div class=\"team1__content text-center\">\r\n                                                                                    <h3 class=\"team-title bdevs-slick-title\"><a href=\"#\">Seyit Mehmet BULUT<\/a><\/h3>\r\n                                        \r\n                                                                                    <p class=\"m-0 bdevs-slick-subtitle\">General Manager<\/p>\r\n                                                                            <\/div>\r\n                                <\/div>\r\n                            <\/div>\r\n                                                    <div class=\"col-xl-4 col-lg-4 col-md-6\">\r\n                                <div class=\"team1__item mb-50\">\r\n                                                                            <div class=\"team1__thumb\">\r\n                                            <a href=\"#\"><img decoding=\"async\" src=\"https:\/\/royalite.com.tr\/wp-content\/uploads\/2022\/08\/mbulut.jpg\" alt=\"img\"><\/a>\r\n                                        <\/div>\r\n                                                                        <!-- socials -->\r\n                                                                            <div class=\"team1__social text-center team__social\">\r\n                                            \r\n                                            \r\n                                            \r\n                                            \r\n                                            \r\n                                            \r\n                                            \r\n                                            \r\n                                            \r\n                                            \r\n                                            \r\n                                            \r\n                                            \r\n                                            \r\n                                                                                    <\/div>\r\n                                                                        <div class=\"team1__content text-center\">\r\n                                                                                    <h3 class=\"team-title bdevs-slick-title\"><a href=\"#\">Mustafa BULUT<\/a><\/h3>\r\n                                        \r\n                                                                                    <p class=\"m-0 bdevs-slick-subtitle\">Agricultural Engineer<br>Chairman of the Board of Directors<\/p>\r\n                                                                            <\/div>\r\n                                <\/div>\r\n                            <\/div>\r\n                                                    <div class=\"col-xl-4 col-lg-4 col-md-6\">\r\n                                <div class=\"team1__item mb-50\">\r\n                                                                            <div class=\"team1__thumb\">\r\n                                            <a href=\"#\"><img decoding=\"async\" src=\"https:\/\/royalite.com.tr\/wp-content\/uploads\/2022\/08\/ekibimiz-8.jpg\" alt=\"img\"><\/a>\r\n                                        <\/div>\r\n                                                                        <!-- socials -->\r\n                                                                            <div class=\"team1__social text-center team__social\">\r\n                                            \r\n                                            \r\n                                            \r\n                                            \r\n                                            \r\n                                            \r\n                                            \r\n                                            \r\n                                            \r\n                                            \r\n                                            \r\n                                            \r\n                                            \r\n                                            \r\n                                                                                    <\/div>\r\n                                                                        <div class=\"team1__content text-center\">\r\n                                                                                    <h3 class=\"team-title bdevs-slick-title\"><a href=\"#\">Mehmet Fatih TANUR<\/a><\/h3>\r\n                                        \r\n                                                                                    <p class=\"m-0 bdevs-slick-subtitle\">Agricultural Engineer<br>Sales and Marketing Manager<\/p>\r\n                                                                            <\/div>\r\n                                <\/div>\r\n                            <\/div>\r\n                                                    <div class=\"col-xl-4 col-lg-4 col-md-6\">\r\n                                <div class=\"team1__item mb-50\">\r\n                                                                            <div class=\"team1__thumb\">\r\n                                            <a href=\"#\"><img decoding=\"async\" src=\"https:\/\/royalite.com.tr\/wp-content\/uploads\/2022\/08\/gokhan.jpg\" alt=\"img\"><\/a>\r\n                                        <\/div>\r\n                                                                        <!-- socials -->\r\n                                                                            <div class=\"team1__social text-center team__social\">\r\n                                            \r\n                                            \r\n                                            \r\n                                            \r\n                                            \r\n                                            \r\n                                            \r\n                                            \r\n                                            \r\n                                            \r\n                                            \r\n                                            \r\n                                            \r\n                                            \r\n                                                                                    <\/div>\r\n                                                                        <div class=\"team1__content text-center\">\r\n                                                                                    <h3 class=\"team-title bdevs-slick-title\"><a href=\"#\">G\u00f6khan DURMAZ<\/a><\/h3>\r\n                                        \r\n                                                                                    <p class=\"m-0 bdevs-slick-subtitle\">Agricultural Engineer<br>Administrative Affairs &amp; HR Manager<\/p>\r\n                                                                            <\/div>\r\n                                <\/div>\r\n                            <\/div>\r\n                                                    <div class=\"col-xl-4 col-lg-4 col-md-6\">\r\n                                <div class=\"team1__item mb-50\">\r\n                                                                            <div class=\"team1__thumb\">\r\n                                            <a href=\"#\"><img decoding=\"async\" src=\"https:\/\/royalite.com.tr\/wp-content\/uploads\/2022\/08\/ekibimiz-7.jpg\" alt=\"img\"><\/a>\r\n                                        <\/div>\r\n                                                                        <!-- socials -->\r\n                                                                            <div class=\"team1__social text-center team__social\">\r\n                                            \r\n                                            \r\n                                            \r\n                                            \r\n                                            \r\n                                            \r\n                                            \r\n                                            \r\n                                            \r\n                                            \r\n                                            \r\n                                            \r\n                                            \r\n                                            \r\n                                                                                    <\/div>\r\n                                                                        <div class=\"team1__content text-center\">\r\n                                                                                    <h3 class=\"team-title bdevs-slick-title\"><a href=\"#\">Fatih \u00c7AYHAN<\/a><\/h3>\r\n                                        \r\n                                                                                    <p class=\"m-0 bdevs-slick-subtitle\">Finance Manager<\/p>\r\n                                                                            <\/div>\r\n                                <\/div>\r\n                            <\/div>\r\n                                                    <div class=\"col-xl-4 col-lg-4 col-md-6\">\r\n                                <div class=\"team1__item mb-50\">\r\n                                                                            <div class=\"team1__thumb\">\r\n                                            <a href=\"#\"><img decoding=\"async\" src=\"https:\/\/royalite.com.tr\/wp-content\/uploads\/2022\/08\/ekibimiz-2.jpg\" alt=\"img\"><\/a>\r\n                                        <\/div>\r\n                                                                        <!-- socials -->\r\n                                                                            <div class=\"team1__social text-center team__social\">\r\n                                            \r\n                                            \r\n                                            \r\n                                            \r\n                                            \r\n                                            \r\n                                            \r\n                                            \r\n                                            \r\n                                            \r\n                                            \r\n                                            \r\n                                            \r\n                                            \r\n                                                                                    <\/div>\r\n                                                                        <div class=\"team1__content text-center\">\r\n                                                                                    <h3 class=\"team-title bdevs-slick-title\"><a href=\"#\">M\u00fccahid KONYALIO\u011eLU<\/a><\/h3>\r\n                                        \r\n                                                                                    <p class=\"m-0 bdevs-slick-subtitle\">Agricultural Engineer<br>Technical &amp; Sales Representative<\/p>\r\n                                                                            <\/div>\r\n                                <\/div>\r\n                            <\/div>\r\n                                                    <div class=\"col-xl-4 col-lg-4 col-md-6\">\r\n                                <div class=\"team1__item mb-50\">\r\n                                                                            <div class=\"team1__thumb\">\r\n                                            <a href=\"#\"><img decoding=\"async\" src=\"https:\/\/royalite.com.tr\/wp-content\/uploads\/2022\/08\/mirac.webp\" alt=\"img\"><\/a>\r\n                                        <\/div>\r\n                                                                        <!-- socials -->\r\n                                                                            <div class=\"team1__social text-center team__social\">\r\n                                            \r\n                                            \r\n                                            \r\n                                            \r\n                                            \r\n                                            \r\n                                            \r\n                                            \r\n                                            \r\n                                            \r\n                                            \r\n                                            \r\n                                            \r\n                                            \r\n                                                                                    <\/div>\r\n                                                                        <div class=\"team1__content text-center\">\r\n                                                                                    <h3 class=\"team-title bdevs-slick-title\"><a href=\"#\">Mira\u00e7 BALIKCI<\/a><\/h3>\r\n                                        \r\n                                                                                    <p class=\"m-0 bdevs-slick-subtitle\">Agricultural Engineer<br>Regional Sales Representative<\/p>\r\n                                                                            <\/div>\r\n                                <\/div>\r\n                            <\/div>\r\n                                                    <div class=\"col-xl-4 col-lg-4 col-md-6\">\r\n                                <div class=\"team1__item mb-50\">\r\n                                                                            <div class=\"team1__thumb\">\r\n                                            <a href=\"#\"><img decoding=\"async\" src=\"https:\/\/royalite.com.tr\/wp-content\/uploads\/2024\/05\/resim-yok.webp\" alt=\"img\"><\/a>\r\n                                        <\/div>\r\n                                                                        <!-- socials -->\r\n                                                                            <div class=\"team1__social text-center team__social\">\r\n                                            \r\n                                            \r\n                                            \r\n                                            \r\n                                            \r\n                                            \r\n                                            \r\n                                            \r\n                                            \r\n                                            \r\n                                            \r\n                                            \r\n                                            \r\n                                            \r\n                                                                                    <\/div>\r\n                                                                        <div class=\"team1__content text-center\">\r\n                                                                                    <h3 class=\"team-title bdevs-slick-title\"><a href=\"#\">Talha G\u00d6N\u00dcL<\/a><\/h3>\r\n                                        \r\n                                                                                    <p class=\"m-0 bdevs-slick-subtitle\">Agricultural Technician<\/p>\r\n                                                                            <\/div>\r\n                                <\/div>\r\n                            <\/div>\r\n                                                    <div class=\"col-xl-4 col-lg-4 col-md-6\">\r\n                                <div class=\"team1__item mb-50\">\r\n                                                                            <div class=\"team1__thumb\">\r\n                                            <a href=\"#\"><img decoding=\"async\" src=\"https:\/\/royalite.com.tr\/wp-content\/uploads\/2024\/05\/resim-yok.webp\" alt=\"img\"><\/a>\r\n                                        <\/div>\r\n                                                                        <!-- socials -->\r\n                                                                            <div class=\"team1__social text-center team__social\">\r\n                                            \r\n                                            \r\n                                            \r\n                                            \r\n                                            \r\n                                            \r\n                                            \r\n                                            \r\n                                            \r\n                                            \r\n                                            \r\n                                            \r\n                                            \r\n                                            \r\n                                                                                    <\/div>\r\n                                                                        <div class=\"team1__content text-center\">\r\n                                                                                    <h3 class=\"team-title bdevs-slick-title\"><a href=\"#\">\u0130zzet BULUT<\/a><\/h3>\r\n                                        \r\n                                                                                    <p class=\"m-0 bdevs-slick-subtitle\">Agricultural Technician<\/p>\r\n                                                                            <\/div>\r\n                                <\/div>\r\n                            <\/div>\r\n                                                    <div class=\"col-xl-4 col-lg-4 col-md-6\">\r\n                                <div class=\"team1__item mb-50\">\r\n                                                                            <div class=\"team1__thumb\">\r\n                                            <a href=\"#\"><img decoding=\"async\" src=\"https:\/\/royalite.com.tr\/wp-content\/uploads\/2022\/08\/ekibimiz-6.jpg\" alt=\"img\"><\/a>\r\n                                        <\/div>\r\n                                                                        <!-- socials -->\r\n                                                                            <div class=\"team1__social text-center team__social\">\r\n                                            \r\n                                            \r\n                                            \r\n                                            \r\n                                            \r\n                                            \r\n                                            \r\n                                            \r\n                                            \r\n                                            \r\n                                            \r\n                                            \r\n                                            \r\n                                            \r\n                                                                                    <\/div>\r\n                                                                        <div class=\"team1__content text-center\">\r\n                                                                                    <h3 class=\"team-title bdevs-slick-title\"><a href=\"#\">\u0130brahim SARITA\u015e<\/a><\/h3>\r\n                                        \r\n                                                                                    <p class=\"m-0 bdevs-slick-subtitle\">Logistics and Warehouse Manager<\/p>\r\n                                                                            <\/div>\r\n                                <\/div>\r\n                            <\/div>\r\n                                                    <div class=\"col-xl-4 col-lg-4 col-md-6\">\r\n                                <div class=\"team1__item mb-50\">\r\n                                                                            <div class=\"team1__thumb\">\r\n                                            <a href=\"#\"><img decoding=\"async\" src=\"https:\/\/royalite.com.tr\/wp-content\/uploads\/2022\/08\/hasanhuseyinerkan.webp\" alt=\"img\"><\/a>\r\n                                        <\/div>\r\n                                                                        <!-- socials -->\r\n                                                                            <div class=\"team1__social text-center team__social\">\r\n                                            \r\n                                            \r\n                                            \r\n                                            \r\n                                            \r\n                                            \r\n                                            \r\n                                            \r\n                                            \r\n                                            \r\n                                            \r\n                                            \r\n                                            \r\n                                            \r\n                                                                                    <\/div>\r\n                                                                        <div class=\"team1__content text-center\">\r\n                                                                                    <h3 class=\"team-title bdevs-slick-title\"><a href=\"#\">Hasan H\u00fcseyin ERKAN<\/a><\/h3>\r\n                                        \r\n                                                                                    <p class=\"m-0 bdevs-slick-subtitle\">General Service<\/p>\r\n                                                                            <\/div>\r\n                                <\/div>\r\n                            <\/div>\r\n                                            <\/div>\r\n                <\/div>\r\n            <\/section>\r\n\r\n            <!-- style 3 -->\r\n        \r\n\t\t\t\t<\/div>\n\t\t\t\t<\/div>\n\t\t\t\t\t<\/div>\n\t\t<\/div>\n\t\t\t\t\t<\/div>\n\t\t<\/section>\n\t\t\t\t<\/div>\n\t\t","protected":false},"excerpt":{"rendered":"<p>Seyit Mehmet BULUT General Manager Mustafa BULUT Agricultural EngineerChairman of the Board of Directors Mehmet Fatih TANUR Agricultural EngineerSales and Marketing Manager G\u00f6khan DURMAZ Agricultural EngineerAdministrative Affairs &amp; HR Manager Fatih \u00c7AYHAN Finance Manager M\u00fccahid KONYALIO\u011eLU Agricultural EngineerTechnical &amp; Sales Representative Mira\u00e7 BALIKCI Agricultural EngineerRegional Sales Representative Talha G\u00d6N\u00dcL Agricultural Technician \u0130zzet BULUT Agricultural Technician [&hellip;]<\/p>\n","protected":false},"author":1,"featured_media":0,"parent":0,"menu_order":0,"comment_status":"closed","ping_status":"closed","template":"elementor_header_footer","meta":{"_acf_changed":false,"footnotes":""},"class_list":["post-3467","page","type-page","status-publish","hentry"],"acf":[],"aioseo_notices":[],"_links":{"self":[{"href":"https:\/\/royalite.com.tr\/en\/wp-json\/wp\/v2\/pages\/3467","targetHints":{"allow":["GET"]}}],"collection":[{"href":"https:\/\/royalite.com.tr\/en\/wp-json\/wp\/v2\/pages"}],"about":[{"href":"https:\/\/royalite.com.tr\/en\/wp-json\/wp\/v2\/types\/page"}],"author":[{"embeddable":true,"href":"https:\/\/royalite.com.tr\/en\/wp-json\/wp\/v2\/users\/1"}],"replies":[{"embeddable":true,"href":"https:\/\/royalite.com.tr\/en\/wp-json\/wp\/v2\/comments?post=3467"}],"version-history":[{"count":7,"href":"https:\/\/royalite.com.tr\/en\/wp-json\/wp\/v2\/pages\/3467\/revisions"}],"predecessor-version":[{"id":3558,"href":"https:\/\/royalite.com.tr\/en\/wp-json\/wp\/v2\/pages\/3467\/revisions\/3558"}],"wp:attachment":[{"href":"https:\/\/royalite.com.tr\/en\/wp-json\/wp\/v2\/media?parent=3467"}],"curies":[{"name":"wp","href":"https:\/\/api.w.org\/{rel}","templated":true}]}}