{"id":3476,"date":"2020-08-26T05:54:17","date_gmt":"2020-08-26T05:54:17","guid":{"rendered":"https:\/\/royalite.com.tr\/iletisim\/"},"modified":"2024-03-14T16:19:33","modified_gmt":"2024-03-14T13:19:33","slug":"contact","status":"publish","type":"page","link":"https:\/\/royalite.com.tr\/en\/contact\/","title":{"rendered":"Contact"},"content":{"rendered":"\t\t<div data-elementor-type=\"wp-page\" data-elementor-id=\"3476\" class=\"elementor elementor-3476 elementor-64\">\n\t\t\t\t\t\t<section data-dce-background-image-url=\"https:\/\/www.devsnews.com\/wp\/bildpress\/wp-content\/uploads\/2020\/11\/png-img-14.png\" class=\"elementor-section elementor-top-section elementor-element elementor-element-8cd356b elementor-section-full_width elementor-section-height-default elementor-section-height-default\" data-id=\"8cd356b\" data-element_type=\"section\" data-settings=\"{&quot;background_background&quot;:&quot;classic&quot;}\">\n\t\t\t\t\t\t<div class=\"elementor-container elementor-column-gap-no\">\n\t\t\t\t\t<div class=\"elementor-column elementor-col-100 elementor-top-column elementor-element elementor-element-495087f\" data-id=\"495087f\" data-element_type=\"column\">\n\t\t\t<div class=\"elementor-widget-wrap elementor-element-populated\">\n\t\t\t\t\t\t<div class=\"elementor-element elementor-element-ed2f449 elementor-widget elementor-widget-contact_info bdevs-el contact_info\" data-id=\"ed2f449\" data-element_type=\"widget\" data-widget_type=\"contact_info.default\">\n\t\t\t\t<div class=\"elementor-widget-container\">\n\t\t\t\t\t\r\n        <section class=\"contact1\">\r\n            <div class=\"container\">\r\n                <div class=\"row\">\r\n                    <div class=\"col-xl-5 col-lg-6\">\r\n                        <div class=\"contact1__wrapper\">\r\n                            <div class=\"title_style1\">\r\n                                                                    <h5 class=\"sub-title bdevs-infobox-text\">Contact Us<\/h5>\r\n                                \r\n                                <h2 class=\" bdevs-infobox-title\">Our Contact Information<\/h2>\r\n                                                            <\/div>\r\n                            <div class=\"contact_list__wrapper\">\r\n                                                                    <div class=\"contact1__item border-bottom-widget pb-35 mt-40\">\r\n                                        <div class=\"contact1__thumb bdevs-contact-icon\">\r\n                                                                                            <figure>\r\n                                                    <i aria-hidden=\"true\" class=\"fal fa-envelope\"><\/i>                                                <\/figure>\r\n                                                                                    <\/div>\r\n                                        <div class=\"contact1__content\">\r\n                                            <h4 class=\"bdevs-contact-title\">Email Address<\/h4>\r\n                                            <p class=\"bdevs-contact-info\">\r\n                                                info@royalite.com.tr\n<br>\nmuhasebe@royalite.com.tr\n                                            <\/p>\r\n                                        <\/div>\r\n                                    <\/div>\r\n                                                                    <div class=\"contact1__item border-bottom-widget pb-35 mt-40\">\r\n                                        <div class=\"contact1__thumb bdevs-contact-icon\">\r\n                                                                                            <figure>\r\n                                                    <i aria-hidden=\"true\" class=\"fal fa-phone\"><\/i>                                                <\/figure>\r\n                                                                                    <\/div>\r\n                                        <div class=\"contact1__content\">\r\n                                            <h4 class=\"bdevs-contact-title\">Phone<\/h4>\r\n                                            <p class=\"bdevs-contact-info\">\r\n                                                +90 332 342 0163                                            <\/p>\r\n                                        <\/div>\r\n                                    <\/div>\r\n                                                                    <div class=\"contact1__item border-bottom-widget pb-35 mt-40\">\r\n                                        <div class=\"contact1__thumb bdevs-contact-icon\">\r\n                                                                                            <figure>\r\n                                                    <i aria-hidden=\"true\" class=\"fal fa-map-marked-alt\"><\/i>                                                <\/figure>\r\n                                                                                    <\/div>\r\n                                        <div class=\"contact1__content\">\r\n                                            <h4 class=\"bdevs-contact-title\">Center Office<\/h4>\r\n                                            <p class=\"bdevs-contact-info\">\r\n                                                Fevzi\u00e7akmak Mh. 10515 Sk.<br>No:10 Karatay\/Konya\/Turkey                                            <\/p>\r\n                                        <\/div>\r\n                                    <\/div>\r\n                                                            <\/div>\r\n                        <\/div>\r\n                    <\/div>\r\n                    <div class=\"col-xl-7 col-lg-6\">\r\n                        <div class=\"contact1__map\">\r\n                            <iframe src=\"https:\/\/maps.google.com\/maps?q=Royalite+Tar%C4%B1m&amp;t=m&amp;z=18&amp;output=embed&amp;iwloc=near\"><\/iframe>                        <\/div>\r\n                    <\/div>\r\n                <\/div>\r\n            <\/div>\r\n        <\/section>\r\n\r\n\t\t\t\t<\/div>\n\t\t\t\t<\/div>\n\t\t\t\t\t<\/div>\n\t\t<\/div>\n\t\t\t\t\t<\/div>\n\t\t<\/section>\n\t\t\t\t<section data-dce-background-image-url=\"https:\/\/www.devsnews.com\/wp\/bildpress\/wp-content\/uploads\/2020\/11\/png-img-18.png\" class=\"elementor-section elementor-top-section elementor-element elementor-element-169614c elementor-section-full_width elementor-section-height-default elementor-section-height-default\" data-id=\"169614c\" data-element_type=\"section\" data-settings=\"{&quot;background_background&quot;:&quot;classic&quot;}\">\n\t\t\t\t\t\t<div class=\"elementor-container elementor-column-gap-no\">\n\t\t\t\t\t<div class=\"elementor-column elementor-col-100 elementor-top-column elementor-element elementor-element-34ecfd4\" data-id=\"34ecfd4\" data-element_type=\"column\">\n\t\t\t<div class=\"elementor-widget-wrap elementor-element-populated\">\n\t\t\t\t\t\t<section class=\"elementor-section elementor-inner-section elementor-element elementor-element-ac58e18 elementor-section-boxed elementor-section-height-default elementor-section-height-default\" data-id=\"ac58e18\" data-element_type=\"section\">\n\t\t\t\t\t\t<div class=\"elementor-container elementor-column-gap-default\">\n\t\t\t\t\t<div class=\"elementor-column elementor-col-100 elementor-inner-column elementor-element elementor-element-87b4629\" data-id=\"87b4629\" data-element_type=\"column\">\n\t\t\t<div class=\"elementor-widget-wrap elementor-element-populated\">\n\t\t\t\t\t\t<div class=\"elementor-element elementor-element-8a44709 elementor-widget elementor-widget-heading bdevs-el heading\" data-id=\"8a44709\" data-element_type=\"widget\" data-settings=\"{&quot;design_style&quot;:&quot;style_1&quot;}\" data-widget_type=\"heading.default\">\n\t\t\t\t<div class=\"elementor-widget-container\">\n\t\t\t\t\t\r\n                    <div class=\"container\">\r\n                <div class=\"row\">\r\n                    <div class=\"col-12\">\r\n                        <div class=\"title_style1 position-relative bdevs-el-content\">\r\n                                                            <h5 class=\"sub-title bdevs-el-subtitle\">Instant Communication<\/h5>\r\n                            \r\n                            <h2 class=\"section-title bdevs-el-title\">Contact Form<\/h2>\r\n                            \r\n                                                    <\/div>\r\n                    <\/div>\r\n                <\/div>\r\n            <\/div>\r\n\r\n\r\n\r\n        \r\n\t\t\t\t<\/div>\n\t\t\t\t<\/div>\n\t\t\t\t\t<\/div>\n\t\t<\/div>\n\t\t\t\t\t<\/div>\n\t\t<\/section>\n\t\t\t\t<div class=\"elementor-element elementor-element-7876cfe elementor-widget elementor-widget-cf7 bdevs-el cf7\" data-id=\"7876cfe\" data-element_type=\"widget\" data-settings=\"{&quot;design_style&quot;:&quot;style_1&quot;}\" data-widget_type=\"cf7.default\">\n\t\t\t\t<div class=\"elementor-widget-container\">\n\t\t\t\t\t        \r\n            <div class=\"contact_page1\">\r\n                <div class=\"counter1__wrapper position-relative\">\r\n                    <div class=\"container\">\r\n                        <div class=\"row\">\r\n                            <div class=\"col-lg-12\">\r\n                                <div class=\"contact_page1__form\">\r\n                                    \n<div class=\"wpcf7 no-js\" id=\"wpcf7-f681-o1\" lang=\"en-US\" dir=\"ltr\" data-wpcf7-id=\"681\">\n<div class=\"screen-reader-response\"><p role=\"status\" aria-live=\"polite\" aria-atomic=\"true\"><\/p> <ul><\/ul><\/div>\n<form action=\"\/en\/wp-json\/wp\/v2\/pages\/3476#wpcf7-f681-o1\" method=\"post\" class=\"wpcf7-form init bdevs-cf7-form\" aria-label=\"Contact form\" novalidate=\"novalidate\" data-status=\"init\">\n<fieldset class=\"hidden-fields-container\"><input type=\"hidden\" name=\"_wpcf7\" value=\"681\" \/><input type=\"hidden\" name=\"_wpcf7_version\" value=\"6.1.4\" \/><input type=\"hidden\" name=\"_wpcf7_locale\" value=\"en_US\" \/><input type=\"hidden\" name=\"_wpcf7_unit_tag\" value=\"wpcf7-f681-o1\" \/><input type=\"hidden\" name=\"_wpcf7_container_post\" value=\"0\" \/><input type=\"hidden\" name=\"_wpcf7_posted_data_hash\" value=\"\" \/>\n<\/fieldset>\n<div class=\"row mb-30\">\n\t<div class=\"col-xl-6\">\n\t\t<div class=\"contact_page1__item\">\n\t\t\t<p><span class=\"wpcf7-form-control-wrap\" data-name=\"text-190\"><input size=\"40\" maxlength=\"400\" class=\"wpcf7-form-control wpcf7-text form-control\" aria-invalid=\"false\" placeholder=\"Ad ve Soyad\u0131n\u0131z\" value=\"\" type=\"text\" name=\"text-190\" \/><\/span><i class=\"far fa-user\"><\/i>\n\t\t\t<\/p>\n\t\t<\/div>\n\t<\/div>\n\t<div class=\"col-xl-6\">\n\t\t<div class=\"contact_page1__item\">\n\t\t\t<p><span class=\"wpcf7-form-control-wrap\" data-name=\"y-email\"><input size=\"40\" maxlength=\"400\" class=\"wpcf7-form-control wpcf7-email wpcf7-text wpcf7-validates-as-email form-control\" aria-invalid=\"false\" placeholder=\"Mail Adresiniz\" value=\"\" type=\"email\" name=\"y-email\" \/><\/span><i class=\"far fa-envelope\"><\/i>\n\t\t\t<\/p>\n\t\t<\/div>\n\t<\/div>\n\t<div class=\"col-xl-12 text-center\">\n\t\t<div class=\"contact_page1__item contact_page1__textarea\">\n\t\t\t<p><span class=\"wpcf7-form-control-wrap\" data-name=\"y-message\"><textarea cols=\"40\" rows=\"10\" maxlength=\"2000\" class=\"wpcf7-form-control wpcf7-textarea form-control\" aria-invalid=\"false\" placeholder=\"Mesaj\u0131n\u0131z\u0131 buraya yaz\u0131n\u0131z\" name=\"y-message\"><\/textarea><\/span><i class=\"far fa-edit\"><\/i>\n\t\t\t<\/p>\n\t\t<\/div>\n\t\t<p><input class=\"wpcf7-form-control wpcf7-submit has-spinner site__btn1\" type=\"submit\" value=\"Mesaj\u0131 G\u00f6nder\" \/>\n\t\t<\/p>\n\t<\/div>\n<\/div><p style=\"display: none !important;\" class=\"akismet-fields-container\" data-prefix=\"_wpcf7_ak_\"><label>&#916;<textarea name=\"_wpcf7_ak_hp_textarea\" cols=\"45\" rows=\"8\" maxlength=\"100\"><\/textarea><\/label><input type=\"hidden\" id=\"ak_js_1\" name=\"_wpcf7_ak_js\" value=\"181\"\/><script>document.getElementById( \"ak_js_1\" ).setAttribute( \"value\", ( new Date() ).getTime() );<\/script><\/p><div class=\"wpcf7-response-output\" aria-hidden=\"true\"><\/div>\n<\/form>\n<\/div>\n                                <\/div>\r\n                            <\/div>\r\n                        <\/div>\r\n                    <\/div>\r\n                <\/div>\r\n            <\/div>\r\n\r\n        \r\n\t\t\t\t<\/div>\n\t\t\t\t<\/div>\n\t\t\t\t\t<\/div>\n\t\t<\/div>\n\t\t\t\t\t<\/div>\n\t\t<\/section>\n\t\t\t\t<\/div>\n\t\t","protected":false},"excerpt":{"rendered":"<p>Contact Us Our Contact Information Email Address info@royalite.com.tr muhasebe@royalite.com.tr Phone +90 332 342 0163 Center Office Fevzi\u00e7akmak Mh. 10515 Sk.No:10 Karatay\/Konya\/Turkey Instant Communication Contact Form &#916;<\/p>\n","protected":false},"author":1,"featured_media":0,"parent":0,"menu_order":0,"comment_status":"closed","ping_status":"closed","template":"elementor_header_footer","meta":{"_acf_changed":false,"footnotes":""},"class_list":["post-3476","page","type-page","status-publish","hentry"],"acf":[],"aioseo_notices":[],"_links":{"self":[{"href":"https:\/\/royalite.com.tr\/en\/wp-json\/wp\/v2\/pages\/3476","targetHints":{"allow":["GET"]}}],"collection":[{"href":"https:\/\/royalite.com.tr\/en\/wp-json\/wp\/v2\/pages"}],"about":[{"href":"https:\/\/royalite.com.tr\/en\/wp-json\/wp\/v2\/types\/page"}],"author":[{"embeddable":true,"href":"https:\/\/royalite.com.tr\/en\/wp-json\/wp\/v2\/users\/1"}],"replies":[{"embeddable":true,"href":"https:\/\/royalite.com.tr\/en\/wp-json\/wp\/v2\/comments?post=3476"}],"version-history":[{"count":7,"href":"https:\/\/royalite.com.tr\/en\/wp-json\/wp\/v2\/pages\/3476\/revisions"}],"predecessor-version":[{"id":3483,"href":"https:\/\/royalite.com.tr\/en\/wp-json\/wp\/v2\/pages\/3476\/revisions\/3483"}],"wp:attachment":[{"href":"https:\/\/royalite.com.tr\/en\/wp-json\/wp\/v2\/media?parent=3476"}],"curies":[{"name":"wp","href":"https:\/\/api.w.org\/{rel}","templated":true}]}}