{"id":3512,"date":"2022-08-07T17:57:28","date_gmt":"2022-08-07T14:57:28","guid":{"rendered":"https:\/\/royalite.com.tr\/urun\/s80\/"},"modified":"2025-07-24T13:46:29","modified_gmt":"2025-07-24T10:46:29","slug":"s80","status":"publish","type":"product","link":"https:\/\/royalite.com.tr\/en\/urun\/s80\/","title":{"rendered":"S80"},"content":{"rendered":"","protected":false},"excerpt":{"rendered":"<table border=\"0\" cellpadding=\"6\" cellspacing=\"0\">\n<thead>\n<tr>\n<th colspan=\"2\">SIVI pH D\u00dcZENLEY\u0130C\u0130<\/th>\n<\/tr>\n<\/thead>\n<tbody>\n<tr>\n<td>\u0130\u00e7erik<\/td>\n<td>800 gr\/lt\u2019de K\u00fck\u00fcrt (S) i\u00e7erir.<\/td>\n<\/tr>\n<\/tbody>\n<\/table>\n","protected":false},"featured_media":3691,"comment_status":"closed","ping_status":"closed","template":"","meta":{"_acf_changed":false},"product_brand":[],"product_cat":[59],"product_tag":[],"class_list":{"0":"post-3512","1":"product","2":"type-product","3":"status-publish","4":"has-post-thumbnail","6":"product_cat-diger-urunler-en","8":"first","9":"instock","10":"shipping-taxable","11":"product-type-simple"},"acf":[],"aioseo_notices":[],"_links":{"self":[{"href":"https:\/\/royalite.com.tr\/en\/wp-json\/wp\/v2\/product\/3512","targetHints":{"allow":["GET"]}}],"collection":[{"href":"https:\/\/royalite.com.tr\/en\/wp-json\/wp\/v2\/product"}],"about":[{"href":"https:\/\/royalite.com.tr\/en\/wp-json\/wp\/v2\/types\/product"}],"replies":[{"embeddable":true,"href":"https:\/\/royalite.com.tr\/en\/wp-json\/wp\/v2\/comments?post=3512"}],"wp:featuredmedia":[{"embeddable":true,"href":"https:\/\/royalite.com.tr\/en\/wp-json\/wp\/v2\/media\/3691"}],"wp:attachment":[{"href":"https:\/\/royalite.com.tr\/en\/wp-json\/wp\/v2\/media?parent=3512"}],"wp:term":[{"taxonomy":"product_brand","embeddable":true,"href":"https:\/\/royalite.com.tr\/en\/wp-json\/wp\/v2\/product_brand?post=3512"},{"taxonomy":"product_cat","embeddable":true,"href":"https:\/\/royalite.com.tr\/en\/wp-json\/wp\/v2\/product_cat?post=3512"},{"taxonomy":"product_tag","embeddable":true,"href":"https:\/\/royalite.com.tr\/en\/wp-json\/wp\/v2\/product_tag?post=3512"}],"curies":[{"name":"wp","href":"https:\/\/api.w.org\/{rel}","templated":true}]}}