{"id":3517,"date":"2022-08-07T17:57:26","date_gmt":"2022-08-07T14:57:26","guid":{"rendered":"https:\/\/royalite.com.tr\/urun\/balance\/"},"modified":"2025-07-24T12:27:51","modified_gmt":"2025-07-24T09:27:51","slug":"balance","status":"publish","type":"product","link":"https:\/\/royalite.com.tr\/en\/urun\/balance\/","title":{"rendered":"Balance"},"content":{"rendered":"","protected":false},"excerpt":{"rendered":"<p>&nbsp;<\/p>\n<table border=\"0\" cellspacing=\"0\" cellpadding=\"6\">\n<thead>\n<tr>\n<th colspan=\"2\">GARANT\u0130 ED\u0130LEN \u0130\u00c7ER\u0130K<\/th>\n<th>W\/W<\/th>\n<\/tr>\n<\/thead>\n<tbody>\n<tr>\n<td colspan=\"2\">Toplam Azot (N)<\/td>\n<td>%7<\/td>\n<\/tr>\n<tr>\n<td colspan=\"2\">\u00dcre Azotu (N)<\/td>\n<td>%7<\/td>\n<\/tr>\n<tr>\n<td colspan=\"2\">Suda \u00c7\u00f6z\u00fcn\u00fcr Fosfor Penta Oksit (P\u2082O\u2085)<\/td>\n<td>%7<\/td>\n<\/tr>\n<tr>\n<td colspan=\"2\">Suda \u00c7\u00f6z\u00fcn\u00fcr Potasyum Oksit (K\u2082O)<\/td>\n<td>%7<\/td>\n<\/tr>\n<tr>\n<td colspan=\"2\">Suda \u00c7\u00f6z\u00fcn\u00fcr Bor (B)<\/td>\n<td>%0,01<\/td>\n<\/tr>\n<tr>\n<td colspan=\"2\">Suda \u00c7\u00f6z\u00fcn\u00fcr Bak\u0131r (Cu) Tamam\u0131 EDTA ile \u015eelatl\u0131<\/td>\n<td>%0,02<\/td>\n<\/tr>\n<tr>\n<td colspan=\"2\">Suda \u00c7\u00f6z\u00fcn\u00fcr Demir (Fe) Tamam\u0131 EDTA ile \u015eelatl\u0131<\/td>\n<td>%0,02<\/td>\n<\/tr>\n<tr>\n<td colspan=\"2\">Suda \u00c7\u00f6z\u00fcn\u00fcr Mangan (Mn) Tamam\u0131 EDTA ile \u015eelatl\u0131<\/td>\n<td>%0,01<\/td>\n<\/tr>\n<tr>\n<td colspan=\"2\">Suda \u00c7\u00f6z\u00fcn\u00fcr Molibden (Mo)<\/td>\n<td>%0,001<\/td>\n<\/tr>\n<tr>\n<td colspan=\"2\">Suda \u00c7\u00f6z\u00fcn\u00fcr \u00c7inko (Zn) Tamam\u0131 EDTA ile \u015eelatl\u0131<\/td>\n<td>%0,003<\/td>\n<\/tr>\n<tr>\n<td colspan=\"2\">EDTA \u015eelat\u0131n stabil oldu\u011fu pH aral\u0131\u011f\u0131<\/td>\n<td>3 \u2013 9<\/td>\n<\/tr>\n<tr>\n<td colspan=\"3\">(Bak\u0131r (Cu), Demir (Fe), Mangan (Mn), \u00c7inko (Zn))<\/td>\n<\/tr>\n<\/tbody>\n<\/table>\n","protected":false},"featured_media":3268,"comment_status":"closed","ping_status":"closed","template":"","meta":{"_acf_changed":false},"product_brand":[],"product_cat":[60],"product_tag":[],"class_list":{"0":"post-3517","1":"product","2":"type-product","3":"status-publish","4":"has-post-thumbnail","6":"product_cat-sivi-gubreler-en","8":"first","9":"instock","10":"shipping-taxable","11":"product-type-simple"},"acf":[],"aioseo_notices":[],"_links":{"self":[{"href":"https:\/\/royalite.com.tr\/en\/wp-json\/wp\/v2\/product\/3517","targetHints":{"allow":["GET"]}}],"collection":[{"href":"https:\/\/royalite.com.tr\/en\/wp-json\/wp\/v2\/product"}],"about":[{"href":"https:\/\/royalite.com.tr\/en\/wp-json\/wp\/v2\/types\/product"}],"replies":[{"embeddable":true,"href":"https:\/\/royalite.com.tr\/en\/wp-json\/wp\/v2\/comments?post=3517"}],"wp:featuredmedia":[{"embeddable":true,"href":"https:\/\/royalite.com.tr\/en\/wp-json\/wp\/v2\/media\/3268"}],"wp:attachment":[{"href":"https:\/\/royalite.com.tr\/en\/wp-json\/wp\/v2\/media?parent=3517"}],"wp:term":[{"taxonomy":"product_brand","embeddable":true,"href":"https:\/\/royalite.com.tr\/en\/wp-json\/wp\/v2\/product_brand?post=3517"},{"taxonomy":"product_cat","embeddable":true,"href":"https:\/\/royalite.com.tr\/en\/wp-json\/wp\/v2\/product_cat?post=3517"},{"taxonomy":"product_tag","embeddable":true,"href":"https:\/\/royalite.com.tr\/en\/wp-json\/wp\/v2\/product_tag?post=3517"}],"curies":[{"name":"wp","href":"https:\/\/api.w.org\/{rel}","templated":true}]}}