{"id":3525,"date":"2022-08-07T17:57:27","date_gmt":"2022-08-07T14:57:27","guid":{"rendered":"https:\/\/royalite.com.tr\/urun\/phoszincman\/"},"modified":"2025-07-24T12:46:55","modified_gmt":"2025-07-24T09:46:55","slug":"phoszincman","status":"publish","type":"product","link":"https:\/\/royalite.com.tr\/en\/urun\/phoszincman\/","title":{"rendered":"Phoszincman"},"content":{"rendered":"","protected":false},"excerpt":{"rendered":"<table border=\"0\" cellpadding=\"6\" cellspacing=\"0\">\n<thead>\n<tr>\n<th colspan=\"2\">GARANT\u0130 ED\u0130LEN \u0130\u00c7ER\u0130K<\/th>\n<th>W\/W<\/th>\n<\/tr>\n<\/thead>\n<tbody>\n<tr>\n<td colspan=\"2\">Toplam Azot (N)<\/td>\n<td>%3<\/td>\n<\/tr>\n<tr>\n<td colspan=\"2\">\u00dcre Azotu (N)<\/td>\n<td>%3<\/td>\n<\/tr>\n<tr>\n<td colspan=\"2\">Suda \u00c7\u00f6z\u00fcn\u00fcr Fosfor Penta Oksit (P\u2082O\u2085)<\/td>\n<td>%25<\/td>\n<\/tr>\n<tr>\n<td colspan=\"2\">Suda \u00c7\u00f6z\u00fcn\u00fcr Mangan (Mn)<\/td>\n<td>%3<\/td>\n<\/tr>\n<tr>\n<td colspan=\"2\">Suda \u00c7\u00f6z\u00fcn\u00fcr \u00c7inko (Zn)<\/td>\n<td>%5<\/td>\n<\/tr>\n<\/tbody>\n<\/table>\n","protected":false},"featured_media":3276,"comment_status":"closed","ping_status":"closed","template":"","meta":{"_acf_changed":false},"product_brand":[],"product_cat":[60],"product_tag":[],"class_list":{"0":"post-3525","1":"product","2":"type-product","3":"status-publish","4":"has-post-thumbnail","6":"product_cat-sivi-gubreler-en","8":"first","9":"instock","10":"shipping-taxable","11":"product-type-simple"},"acf":[],"aioseo_notices":[],"_links":{"self":[{"href":"https:\/\/royalite.com.tr\/en\/wp-json\/wp\/v2\/product\/3525","targetHints":{"allow":["GET"]}}],"collection":[{"href":"https:\/\/royalite.com.tr\/en\/wp-json\/wp\/v2\/product"}],"about":[{"href":"https:\/\/royalite.com.tr\/en\/wp-json\/wp\/v2\/types\/product"}],"replies":[{"embeddable":true,"href":"https:\/\/royalite.com.tr\/en\/wp-json\/wp\/v2\/comments?post=3525"}],"wp:featuredmedia":[{"embeddable":true,"href":"https:\/\/royalite.com.tr\/en\/wp-json\/wp\/v2\/media\/3276"}],"wp:attachment":[{"href":"https:\/\/royalite.com.tr\/en\/wp-json\/wp\/v2\/media?parent=3525"}],"wp:term":[{"taxonomy":"product_brand","embeddable":true,"href":"https:\/\/royalite.com.tr\/en\/wp-json\/wp\/v2\/product_brand?post=3525"},{"taxonomy":"product_cat","embeddable":true,"href":"https:\/\/royalite.com.tr\/en\/wp-json\/wp\/v2\/product_cat?post=3525"},{"taxonomy":"product_tag","embeddable":true,"href":"https:\/\/royalite.com.tr\/en\/wp-json\/wp\/v2\/product_tag?post=3525"}],"curies":[{"name":"wp","href":"https:\/\/api.w.org\/{rel}","templated":true}]}}